{"id":9,"date":"2015-01-16T01:27:57","date_gmt":"2015-01-15T23:27:57","guid":{"rendered":"http:\/\/localhost:8888\/inmedianew2015\/?page_id=9"},"modified":"2025-10-14T13:07:06","modified_gmt":"2025-10-14T11:07:06","slug":"references","status":"publish","type":"page","link":"https:\/\/inmedia-design.com\/de\/references\/","title":{"rendered":"Showcase"},"content":{"rendered":"<p>Gutes Design ist kein Selbstzweck. Es dient einem klaren Ziel: dem Erfolg unserer Kunden. Als f\u00fchrende Boutique-Agentur auf Ibiza spezialisieren wir uns darauf, anspruchsvolle Marken im Luxussegment digital sichtbar zu machen und ihre Anziehungskraft zu st\u00e4rken. Unsere Projekte sind mehr als nur Referenzen; sie sind Fallbeispiele f\u00fcr strategische Tiefe und kreative Umsetzungsst\u00e4rke.<\/p>","protected":false},"excerpt":{"rendered":"<p>Gutes Design ist kein Selbstzweck. Es dient einem klaren Ziel: dem Erfolg unserer Kunden. Als f\u00fchrende Boutique-Agentur auf Ibiza spezialisieren wir uns darauf, anspruchsvolle Marken im Luxussegment digital sichtbar zu machen und ihre Anziehungskraft zu st\u00e4rken. Unsere Projekte sind mehr als nur Referenzen; sie sind Fallbeispiele f\u00fcr strategische Tiefe und kreative Umsetzungsst\u00e4rke.<\/p>\n","protected":false},"author":1,"featured_media":0,"parent":0,"menu_order":0,"comment_status":"open","ping_status":"open","template":"page-portfolio.php","meta":{"_acf_changed":false,"_mbp_gutenberg_autopost":false,"iawp_total_views":882,"footnotes":""},"class_list":["post-9","page","type-page","status-publish","hentry"],"acf":[],"_links":{"self":[{"href":"https:\/\/inmedia-design.com\/de\/wp-json\/wp\/v2\/pages\/9","targetHints":{"allow":["GET"]}}],"collection":[{"href":"https:\/\/inmedia-design.com\/de\/wp-json\/wp\/v2\/pages"}],"about":[{"href":"https:\/\/inmedia-design.com\/de\/wp-json\/wp\/v2\/types\/page"}],"author":[{"embeddable":true,"href":"https:\/\/inmedia-design.com\/de\/wp-json\/wp\/v2\/users\/1"}],"replies":[{"embeddable":true,"href":"https:\/\/inmedia-design.com\/de\/wp-json\/wp\/v2\/comments?post=9"}],"version-history":[{"count":26,"href":"https:\/\/inmedia-design.com\/de\/wp-json\/wp\/v2\/pages\/9\/revisions"}],"predecessor-version":[{"id":3910,"href":"https:\/\/inmedia-design.com\/de\/wp-json\/wp\/v2\/pages\/9\/revisions\/3910"}],"wp:attachment":[{"href":"https:\/\/inmedia-design.com\/de\/wp-json\/wp\/v2\/media?parent=9"}],"curies":[{"name":"wp","href":"https:\/\/api.w.org\/{rel}","templated":true}]}}